{"id":19,"date":"2009-10-21T21:59:23","date_gmt":"2009-10-21T19:59:23","guid":{"rendered":"http:\/\/kreatywni.wsptwp.eu\/?page_id=19"},"modified":"2010-11-04T17:41:06","modified_gmt":"2010-11-04T15:41:06","slug":"program","status":"publish","type":"page","link":"http:\/\/kreatywni.wsptwp.eu\/?page_id=19","title":{"rendered":"Program"},"content":{"rendered":"<p><strong>Program i zakres dzia\u0142a\u0144<\/strong><\/p>\n<p><img loading=\"lazy\" decoding=\"async\" class=\"alignleft size-medium wp-image-99\" title=\"program\" src=\"http:\/\/kreatywni.wsptwp.eu\/wp-content\/uploads\/2009\/10\/program-300x225.jpg\" alt=\"program\" width=\"192\" height=\"144\" srcset=\"http:\/\/kreatywni.wsptwp.eu\/wp-content\/uploads\/2009\/10\/program-300x225.jpg 300w, http:\/\/kreatywni.wsptwp.eu\/wp-content\/uploads\/2009\/10\/program.jpg 500w\" sizes=\"auto, (max-width: 192px) 100vw, 192px\" \/>Absolwenci kierunk\u00f3w humanistycznych cz\u0119sto nie widz\u0105 dla siebie mo\u017cliwo\u015bci samodzielnego funkcjonowania na rynku pracy. Tymczasem rynek profesjonalnych us\u0142ug spo\u0142ecznych rozwija si\u0119 i potrzebuje specjalist\u00f3w. Wy\u017csza Szko\u0142a Pedagogiczna TWP w Warszawie wychodz\u0105c naprzeciw tym oczekiwaniom zapocz\u0105tkowa\u0142a proces aktywizacji m\u0142odych ludzi, zach\u0119caj\u0105c ich do zak\u0142adania dzia\u0142alno\u015bci gospodarczej. Od roku akademickiego 2009\/210 Uczelnia postanowi\u0142a realizowa\u0107 dzia\u0142ania inicjuj\u0105ce przedsi\u0119biorczo\u015b\u0107 akademick\u0105 w\u015br\u00f3d student\u00f3w.<\/p>\n<p><strong>Dzia\u0142ania zaplanowane w ramach projektu \u201eKreatywny Humanista\u201d<\/strong><\/p>\n<p><strong>Szkolenia dla kadry dydaktycznej<\/strong><\/p>\n<p>Wyk\u0142adowcy WSP TWP w Warszawie odb\u0119d\u0105 szkolenia przygotowuj\u0105ce ich do prowadzenia zaj\u0119\u0107 z przedsi\u0119biorczo\u015bci. Dzi\u0119ki profesjonalnym szkoleniom opracowanym przez specjalist\u00f3w z dziedziny przedsi\u0119biorczo\u015bci 30 os\u00f3b z kadry akademickiej b\u0119dzie mog\u0142o przygotowywa\u0107 student\u00f3w do\u00a0 lepszego funkcjonowania na rynku pracy oraz podejmowania dzia\u0142a\u0144 zmierzaj\u0105cych do samozatrudnienia. Zaj\u0119cia ze studentami b\u0119d\u0105 odbywa\u0142y si\u0119 na podstawie programu zaj\u0119\u0107 |z przedsi\u0119biorczo\u015bci u\u0142o\u017conego przez przeszkolon\u0105 kadr\u0119 akademick\u0105.<\/p>\n<p>Partnerem \u00a0Projektu \u00a0w obszarze szkole\u0144 dla kadry uczelni jest Akademia Leona Ko\u017ami\u0144skiego.<\/p>\n<p><strong>Kursy i warsztaty dla ka\u017cdego<\/strong><\/p>\n<p>W ramach projektu \u201eKreatywny Humanista\u201d przeprowadzone zostan\u0105 32 kursy dla os\u00f3b spoza spo\u0142eczno\u015bci akademickiej. Zaplanowane dzia\u0142ania b\u0119d\u0105 prowadzi\u0142y do wzmocnienia postawy przedsi\u0119biorczo\u015bci. Uczestnicy uzyskaj\u0105 merytoryczn\u0105 wiedz\u0119, przygotowuj\u0105c\u0105 do podejmowania samodzielnych inicjatyw, takich jak zak\u0142adanie w\u0142asnej firmy, stowarzyszenia, sp\u00f3\u0142dzielni socjalnej, itp.<\/p>\n<p>Pocz\u0105wszy od grudnia 2009, co miesi\u0105c, b\u0119d\u0105 odbywa\u0142y si\u0119 dwa kursy (w okresie wakacyjnym, po jednym kursie w miesi\u0105cu).<\/p>\n<p><strong>Zaj\u0119cia z przedsi\u0119biorczo\u015bci dla student\u00f3w<\/strong><\/p>\n<p>Studenci WSP TWP w Warszawie wezm\u0105 udzia\u0142 w dodatkowych zaj\u0119ciach z przedsi\u0119biorczo\u015bci, wed\u0142ug\u00a0programu opracowanego przez kadr\u0119 uczelni. Wybrane zaj\u0119cia b\u0119d\u0105 prowadzone przez zaproszonych przez w\u0142adze uczelni go\u015bci, praktyk\u00f3w, przedstawicieli r\u00f3\u017cnych sektor\u00f3w (biznesu, samorz\u0105d\u00f3w lokalnych, fundacji, itp.), kt\u00f3rzy przedstawi\u0105 praktyczne aspekty prowadzenia dzia\u0142alno\u015bci oraz wska\u017c\u0105 kluczowe kompetencje niezb\u0119dne w ich otoczeniu biznesowym. Dodatkow\u0105 atrakcj\u0105 b\u0119dzie tak\u017ce wyk\u0142ad w\u00a0j\u0119zyku angielskim przeprowadzony przez wybitnego naukowca z zakresu przedsi\u0119biorczo\u015bci. Ponadto zakupione zostan\u0105 materia\u0142y dydaktyczne dla student\u00f3w i fachowa literatura dotycz\u0105ca zarz\u0105dzania<br \/>\ni przedsi\u0119biorczo\u015bci do biblioteki uczelni, dzi\u0119ki czemu studenci b\u0119d\u0105 mieli mo\u017cliwo\u015b\u0107 samodzielnego poszerzania wiedzy zdobytej na zaj\u0119ciach.<\/p>\n<p><strong>Promocja przedsi\u0119biorczo\u015bci<\/strong><\/p>\n<p>Ostatnim etapem ko\u0144cz\u0105cym realizacj\u0119 projektu b\u0119dzie konferencja podsumowuj\u0105ca zrealizowane dzia\u0142ania. Na zako\u0144czenie projektu uczelnia wyda r\u00f3wnie\u017c prospekt promuj\u0105cy przedsi\u0119biorczo\u015b\u0107. Znajd\u0105 si\u0119 w nim niezb\u0119dne informacje dotycz\u0105ce zak\u0142adania i prowadzenia w\u0142asnej dzia\u0142alno\u015bci gospodarczej, czy te\u017c spo\u0142ecznej.\u00a0 Ponadto informator b\u0119dzie zawiera\u0142 podsumowanie Projektu i rezultat\u00f3w jakie uda\u0142o si\u0119 osi\u0105gn\u0105\u0107. B\u0119dzie on upowszechniany poprzez Akademickie Biuro Karier oraz podczas konferencji podsumowuj\u0105cej Projekt.<\/p>\n<p><strong><a href=\"http:\/\/kreatywni.wsptwp.eu\/wp-content\/uploads\/2010\/11\/HARMONOGRAM-RAMOWY_projekt-KREATYWNY-HUMANISTA_aktual.jesie%C5%842010.pdf\">Ramowy harmonogram Projektu<\/a>.<\/strong><\/p>\n","protected":false},"excerpt":{"rendered":"<p>Program i zakres dzia\u0142a\u0144 Absolwenci kierunk\u00f3w humanistycznych cz\u0119sto nie widz\u0105 dla siebie mo\u017cliwo\u015bci samodzielnego funkcjonowania na rynku pracy. Tymczasem rynek profesjonalnych us\u0142ug spo\u0142ecznych rozwija si\u0119 i potrzebuje specjalist\u00f3w. Wy\u017csza Szko\u0142a Pedagogiczna TWP w Warszawie wychodz\u0105c naprzeciw tym oczekiwaniom zapocz\u0105tkowa\u0142a proces aktywizacji m\u0142odych ludzi, zach\u0119caj\u0105c ich do zak\u0142adania dzia\u0142alno\u015bci gospodarczej. Od roku akademickiego 2009\/210 Uczelnia postanowi\u0142a [&hellip;]<\/p>\n","protected":false},"author":4,"featured_media":0,"parent":0,"menu_order":2,"comment_status":"open","ping_status":"closed","template":"","meta":{"_bbp_topic_count":0,"_bbp_reply_count":0,"_bbp_total_topic_count":0,"_bbp_total_reply_count":0,"_bbp_voice_count":0,"_bbp_anonymous_reply_count":0,"_bbp_topic_count_hidden":0,"_bbp_reply_count_hidden":0,"_bbp_forum_subforum_count":0,"footnotes":""},"class_list":["post-19","page","type-page","status-publish","hentry"],"_links":{"self":[{"href":"http:\/\/kreatywni.wsptwp.eu\/index.php?rest_route=\/wp\/v2\/pages\/19","targetHints":{"allow":["GET"]}}],"collection":[{"href":"http:\/\/kreatywni.wsptwp.eu\/index.php?rest_route=\/wp\/v2\/pages"}],"about":[{"href":"http:\/\/kreatywni.wsptwp.eu\/index.php?rest_route=\/wp\/v2\/types\/page"}],"author":[{"embeddable":true,"href":"http:\/\/kreatywni.wsptwp.eu\/index.php?rest_route=\/wp\/v2\/users\/4"}],"replies":[{"embeddable":true,"href":"http:\/\/kreatywni.wsptwp.eu\/index.php?rest_route=%2Fwp%2Fv2%2Fcomments&post=19"}],"version-history":[{"count":5,"href":"http:\/\/kreatywni.wsptwp.eu\/index.php?rest_route=\/wp\/v2\/pages\/19\/revisions"}],"predecessor-version":[{"id":22,"href":"http:\/\/kreatywni.wsptwp.eu\/index.php?rest_route=\/wp\/v2\/pages\/19\/revisions\/22"}],"wp:attachment":[{"href":"http:\/\/kreatywni.wsptwp.eu\/index.php?rest_route=%2Fwp%2Fv2%2Fmedia&parent=19"}],"curies":[{"name":"wp","href":"https:\/\/api.w.org\/{rel}","templated":true}]}}