{"id":2,"date":"2009-10-21T19:11:43","date_gmt":"2009-10-21T17:11:43","guid":{"rendered":"http:\/\/kreatywni.wsptwp.eu\/?page_id=2"},"modified":"2009-11-09T15:42:24","modified_gmt":"2009-11-09T13:42:24","slug":"about","status":"publish","type":"page","link":"http:\/\/kreatywni.wsptwp.eu\/?page_id=2","title":{"rendered":"Kreatywni"},"content":{"rendered":"<pre style=\"text-align: right;\"><strong>\u201e<\/strong>Ludzka kreatywno\u015b\u0107 jest najwi\u0119kszym zasobem\u201d\r\n<strong>Richard Florida<\/strong><\/pre>\n<pre style=\"text-align: right;\"><img loading=\"lazy\" decoding=\"async\" class=\"size-full wp-image-119 alignright\" title=\"kreatywni\" src=\"http:\/\/kreatywni.wsptwp.eu\/wp-content\/uploads\/2009\/10\/kreatywni1.jpg\" alt=\"kreatywni\" width=\"203\" height=\"140\" \/><\/pre>\n<p><strong>Zastanawiasz si\u0119 nad wyborem studi\u00f3w?<\/strong><\/p>\n<p><strong>Interesuj\u0105 Ci\u0119 kierunki humanistyczne<\/strong>, ale w wyniku docieraj\u0105cych z medi\u00f3w niepokoj\u0105cych informacji o zbyt du\u017cej ilo\u015bci absolwent\u00f3w opuszczaj\u0105cych mury wy\u017cszych uczelni humanistycznych czujesz l\u0119k o to co b\u0119dzie dalej?<\/p>\n<p><strong>A mo\u017ce ju\u017c jeste\u015b studentem WSP TWP<\/strong> albo s<strong>tudiujesz na innej uczelni na kierunku humanistycznym<\/strong> i obawiasz si\u0119, i\u017c tylko osoby studiuj\u0105ce na kierunkach \u201e\u015bcis\u0142ych\u201d maj\u0105 szanse na znalezienie dobrej pracy?<\/p>\n<p><strong>Zosta\u0144 Beneficjentem Projektu \u201eKreatywny Humanista\u201d!<\/strong><\/p>\n<p>Wiemy, \u017ce tylko najbardziej kreatywni i charyzmatyczni humani\u015bci wygraj\u0105 na rynku pracy, dlatego w ramach projektu \u201eKreatywny Humanista\u201d WSP TWP w Warszawie b\u0119dzie rozbudza\u0107 przedsi\u0119biorczo\u015b\u0107 w \u015brodowisku studenckim, wprowadzaj\u0105c do swojej oferty przedmiot \u201eprzedsi\u0119biorczo\u015b\u0107\u201d oraz proponuj\u0105c ciekawy system szkole\u0144 maj\u0105cych na celu podniesienie powy\u017cszych kompetencji zar\u00f3wno w\u015br\u00f3d student\u00f3w, jak\u00a0 i os\u00f3b spoza spo\u0142eczno\u015bci akademickiej.<\/p>\n<p>Do\u0142\u0105cz do nas! W ramach projektu <strong>\u201eKreatywny Humanista\u201d<\/strong> b\u0119dziemy mieli okazj\u0119 aktywizowa\u0107 Twoj\u0105 przedsi\u0119biorczo\u015b\u0107 na bazie szeroko pozyskanej przez Ciebie wiedzy<br \/>\ni Twojego do\u015bwiadczenia.<\/p>\n<p><strong>S\u0142uchaj tego co Ci w duszy gra! Nie id\u017a za g\u0142osem t\u0142umu!!!<\/strong><\/p>\n<p><strong>Tylko szcz\u0119\u015bliwy cz\u0142owiek, odczuwaj\u0105cy wewn\u0119trzn\u0105 harmoni\u0119, jest w stanie osi\u0105ga\u0107 szczyty swoich mo\u017cliwo\u015bci.<\/strong><\/p>\n<p><strong>Skorzystaj z programu \u201eKreatywny Humanista\u201d. B\u0105d\u017a kreatywny!<\/strong><ins datetime=\"2009-10-12T10:51\" cite=\"mailto:marketing\"><\/ins><\/p>\n<p>Sekret sukcesu polega na tym, aby nauczy\u0107 si\u0119, jak wykorzysta\u0107 swoj\u0105 wiedz\u0119 <ins datetime=\"2009-10-14T21:11\" cite=\"mailto:Edyta\"><br \/>\n<\/ins>i do\u015bwiadczenie!<\/p>\n<p>Dodatkowe informacje:<\/p>\n<ul>\n<li><a href=\"http:\/\/kreatywni.wsptwp.eu\/?page_id=7\">O projekcie<\/a><\/li>\n<li><a href=\"http:\/\/kreatywni.wsptwp.eu\/?page_id=19\">Program<\/a><\/li>\n<li><a href=\"http:\/\/kreatywni.wsptwp.eu\/?page_id=25\">Wyk\u0142adowcy<\/a><\/li>\n<li><a href=\"http:\/\/kreatywni.wsptwp.eu\/?page_id=23\">Studenci<\/a><\/li>\n<\/ul>\n","protected":false},"excerpt":{"rendered":"<p>\u201eLudzka kreatywno\u015b\u0107 jest najwi\u0119kszym zasobem\u201d Richard Florida Zastanawiasz si\u0119 nad wyborem studi\u00f3w? Interesuj\u0105 Ci\u0119 kierunki humanistyczne, ale w wyniku docieraj\u0105cych z medi\u00f3w niepokoj\u0105cych informacji o zbyt du\u017cej ilo\u015bci absolwent\u00f3w opuszczaj\u0105cych mury wy\u017cszych uczelni humanistycznych czujesz l\u0119k o to co b\u0119dzie dalej? A mo\u017ce ju\u017c jeste\u015b studentem WSP TWP albo studiujesz na innej uczelni na kierunku [&hellip;]<\/p>\n","protected":false},"author":4,"featured_media":0,"parent":0,"menu_order":0,"comment_status":"open","ping_status":"closed","template":"","meta":{"_bbp_topic_count":0,"_bbp_reply_count":0,"_bbp_total_topic_count":0,"_bbp_total_reply_count":0,"_bbp_voice_count":0,"_bbp_anonymous_reply_count":0,"_bbp_topic_count_hidden":0,"_bbp_reply_count_hidden":0,"_bbp_forum_subforum_count":0,"footnotes":""},"class_list":["post-2","page","type-page","status-publish","hentry"],"_links":{"self":[{"href":"http:\/\/kreatywni.wsptwp.eu\/index.php?rest_route=\/wp\/v2\/pages\/2","targetHints":{"allow":["GET"]}}],"collection":[{"href":"http:\/\/kreatywni.wsptwp.eu\/index.php?rest_route=\/wp\/v2\/pages"}],"about":[{"href":"http:\/\/kreatywni.wsptwp.eu\/index.php?rest_route=\/wp\/v2\/types\/page"}],"author":[{"embeddable":true,"href":"http:\/\/kreatywni.wsptwp.eu\/index.php?rest_route=\/wp\/v2\/users\/4"}],"replies":[{"embeddable":true,"href":"http:\/\/kreatywni.wsptwp.eu\/index.php?rest_route=%2Fwp%2Fv2%2Fcomments&post=2"}],"version-history":[{"count":17,"href":"http:\/\/kreatywni.wsptwp.eu\/index.php?rest_route=\/wp\/v2\/pages\/2\/revisions"}],"predecessor-version":[{"id":3,"href":"http:\/\/kreatywni.wsptwp.eu\/index.php?rest_route=\/wp\/v2\/pages\/2\/revisions\/3"}],"wp:attachment":[{"href":"http:\/\/kreatywni.wsptwp.eu\/index.php?rest_route=%2Fwp%2Fv2%2Fmedia&parent=2"}],"curies":[{"name":"wp","href":"https:\/\/api.w.org\/{rel}","templated":true}]}}