{"id":23,"date":"2009-10-21T22:04:57","date_gmt":"2009-10-21T20:04:57","guid":{"rendered":"http:\/\/kreatywni.wsptwp.eu\/?page_id=23"},"modified":"2010-11-03T17:57:16","modified_gmt":"2010-11-03T15:57:16","slug":"student","status":"publish","type":"page","link":"http:\/\/kreatywni.wsptwp.eu\/?page_id=23","title":{"rendered":"Student"},"content":{"rendered":"<p>Kreatywny Humanista \u00a0&#8211; Oferta Projektu dla student\u00f3w<\/p>\n<p><img loading=\"lazy\" decoding=\"async\" class=\"size-full wp-image-101 alignleft\" title=\"student\" src=\"http:\/\/kreatywni.wsptwp.eu\/wp-content\/uploads\/2009\/10\/student.jpg\" alt=\"student\" width=\"259\" height=\"173\" \/><\/p>\n<p>Istnieje stereotyp, i\u017c humanista jest nieodpowiednim kandydatem do podj\u0119cia zatrudnienia na wsp\u00f3\u0142czesnym rynku pracy. Absolwenci kierunk\u00f3w studi\u00f3w o profilu humanistycznym i spo\u0142ecznym s\u0105 powszechnie krytykowani przez media za brak praktycznego wykszta\u0142cenia, kt\u00f3re przygotowa\u0142oby ich w wi\u0119kszym stopniu do podj\u0119cia zatrudnienia lub rozpocz\u0119cia w\u0142asnej dzia\u0142alno\u015bci, wychodz\u0105c naprzeciw potrzebom obecnego rynku pracy.<\/p>\n<p>Rynek pokazuje jednak, i\u017c przekonania zmieniaj\u0105 si\u0119 i pracodawcy coraz bardziej otwieraj\u0105 si\u0119 na absolwent\u00f3w kierunk\u00f3w humanistycznych. Silne staje si\u0119 prze\u015bwiadczenie, i\u017c humani\u015bci posiadaj\u0105 rozleg\u0142\u0105 wiedz\u0119 z wielu dziedzin, co jest atutem w powi\u0105zaniu z cechami przedsi\u0119biorczo\u015bci.<\/p>\n<p>Celem Wy\u017cszej Szko\u0142y Pedagogicznej TWP w Warszawie jest stymulowanie przedsi\u0119biorczo\u015bci w\u015br\u00f3d swoich student\u00f3w w oparciu o zdobyt\u0105 wiedz\u0119 humanistyczn\u0105, dlatego w ramach realizacji Projektu \u201eKreatywny Humanista\u201d <strong>przewidziano nast\u0119puj\u0105ce dzia\u0142ania: <\/strong><\/p>\n<p>&#8211;\u00a0 <strong>wprowadzenie przedmiotu \u201ePrzedsi\u0119biorczo\u015b\u0107\u201d<\/strong> na kierunkach studi\u00f3w oferowanych przez Uczelni\u0119;<\/p>\n<p>&#8211;\u00a0 zakupienie <strong>materia\u0142\u00f3w dydaktycznych dla student\u00f3w<\/strong>;<\/p>\n<p>&#8211;\u00a0 <strong>zakupienie fachowej literatury dotycz\u0105cej zarz\u0105dzania i przedsi\u0119biorczo\u015bci<\/strong> do biblioteki Uczelni;<\/p>\n<p>&#8211;\u00a0 <strong>zapraszanie na zaj\u0119cia praktyk\u00f3w, przedstawicieli r\u00f3\u017cnych sektor\u00f3w<\/strong> (biznesu, samorz\u0105d\u00f3w lokalnych, fundacji, itp.) aby przedstawili praktyczne aspekty danej dzia\u0142alno\u015bci oraz wskazali na kluczowe kompetencje niezb\u0119dne w danej pracy;<\/p>\n<p>&#8211;\u00a0 zorganizowanie <strong>wyk\u0142adu w j\u0119zyku angielskim wybitnego naukowca<\/strong> z zakresu przedsi\u0119biorczo\u015bci;<\/p>\n","protected":false},"excerpt":{"rendered":"<p>Kreatywny Humanista \u00a0&#8211; Oferta Projektu dla student\u00f3w Istnieje stereotyp, i\u017c humanista jest nieodpowiednim kandydatem do podj\u0119cia zatrudnienia na wsp\u00f3\u0142czesnym rynku pracy. Absolwenci kierunk\u00f3w studi\u00f3w o profilu humanistycznym i spo\u0142ecznym s\u0105 powszechnie krytykowani przez media za brak praktycznego wykszta\u0142cenia, kt\u00f3re przygotowa\u0142oby ich w wi\u0119kszym stopniu do podj\u0119cia zatrudnienia lub rozpocz\u0119cia w\u0142asnej dzia\u0142alno\u015bci, wychodz\u0105c naprzeciw potrzebom obecnego [&hellip;]<\/p>\n","protected":false},"author":4,"featured_media":0,"parent":0,"menu_order":3,"comment_status":"open","ping_status":"closed","template":"","meta":{"_bbp_topic_count":0,"_bbp_reply_count":0,"_bbp_total_topic_count":0,"_bbp_total_reply_count":0,"_bbp_voice_count":0,"_bbp_anonymous_reply_count":0,"_bbp_topic_count_hidden":0,"_bbp_reply_count_hidden":0,"_bbp_forum_subforum_count":0,"footnotes":""},"class_list":["post-23","page","type-page","status-publish","hentry"],"_links":{"self":[{"href":"http:\/\/kreatywni.wsptwp.eu\/index.php?rest_route=\/wp\/v2\/pages\/23","targetHints":{"allow":["GET"]}}],"collection":[{"href":"http:\/\/kreatywni.wsptwp.eu\/index.php?rest_route=\/wp\/v2\/pages"}],"about":[{"href":"http:\/\/kreatywni.wsptwp.eu\/index.php?rest_route=\/wp\/v2\/types\/page"}],"author":[{"embeddable":true,"href":"http:\/\/kreatywni.wsptwp.eu\/index.php?rest_route=\/wp\/v2\/users\/4"}],"replies":[{"embeddable":true,"href":"http:\/\/kreatywni.wsptwp.eu\/index.php?rest_route=%2Fwp%2Fv2%2Fcomments&post=23"}],"version-history":[{"count":5,"href":"http:\/\/kreatywni.wsptwp.eu\/index.php?rest_route=\/wp\/v2\/pages\/23\/revisions"}],"predecessor-version":[{"id":102,"href":"http:\/\/kreatywni.wsptwp.eu\/index.php?rest_route=\/wp\/v2\/pages\/23\/revisions\/102"}],"wp:attachment":[{"href":"http:\/\/kreatywni.wsptwp.eu\/index.php?rest_route=%2Fwp%2Fv2%2Fmedia&parent=23"}],"curies":[{"name":"wp","href":"https:\/\/api.w.org\/{rel}","templated":true}]}}