{"id":25,"date":"2009-10-21T22:11:22","date_gmt":"2009-10-21T20:11:22","guid":{"rendered":"http:\/\/kreatywni.wsptwp.eu\/?page_id=25"},"modified":"2009-11-03T21:03:20","modified_gmt":"2009-11-03T19:03:20","slug":"wykladowca","status":"publish","type":"page","link":"http:\/\/kreatywni.wsptwp.eu\/?page_id=25","title":{"rendered":"Wyk\u0142adowca"},"content":{"rendered":"<p>Kreatywny Humanista \u00a0&#8211; Oferta Projektu dla wyk\u0142adowc\u00f3w<\/p>\n<p><img loading=\"lazy\" decoding=\"async\" class=\"alignleft size-full wp-image-117\" title=\"wyk\u0142adowca\" src=\"http:\/\/kreatywni.wsptwp.eu\/wp-content\/uploads\/2009\/10\/wyk\u0142adowca1.jpg\" alt=\"wyk\u0142adowca\" width=\"217\" height=\"163\" \/>Kreatywno\u015b\u0107 i przedsi\u0119biorczo\u015b\u0107 stanowi\u0105 si\u0142\u0119 nap\u0119dow\u0105 w rozwoju ludzko\u015bci. Umiej\u0119tno\u015b\u0107 kreatywnego my\u015blenia i tw\u00f3rczego przekszta\u0142cania rzeczywisto\u015bci jest kluczowa w \u017cyciu osobistym i zawodowym. Rozw\u00f3j tych cech osobowo\u015bci poparty niezb\u0119dn\u0105 wiedz\u0105, daje trudny do przecenienia potencja\u0142 intelektualny, dlatego te\u017c powinien by\u0107 wspierany w\u00a0sferze edukacji, aby proces akomodacji do szybko zmieniaj\u0105cej si\u0119 rzeczywisto\u015bci by\u0142 \u0142atwiejszy i bardziej efektywny.<\/p>\n<p>Projekt \u201eKreatywny Humanista\u201d to przedsi\u0119wzi\u0119cie maj\u0105ce w swych za\u0142o\u017ceniach przygotowanie <strong>student\u00f3w<\/strong> oraz <strong>absolwent\u00f3w WSP TWP w Warszawie<\/strong> do zmieniaj\u0105cych si\u0119 warunk\u00f3w i\u00a0wymog\u00f3w rynku pracy. Poprzez odpowiednie przygotowanie wyk\u0142adowc\u00f3w do prowadzenia dodatkowych zaj\u0119\u0107 oraz poszerzenie oferty edukacyjnej Uczelni <strong>dla os\u00f3b spoza spo\u0142eczno\u015bci akademickiej<\/strong> Projekt daje szans\u0119 na wzmocnienie postawy przedsi\u0119biorczo\u015bci oraz podejmowanie samodzielnych inicjatyw os\u00f3b funkcjonuj\u0105cych na rynku pracy.<\/p>\n<p><strong>W ramach Projektu 30 os\u00f3b z kadry akademickiej we\u017amie udzia\u0142 w szkoleniu przygotowuj\u0105cym do prowadzenia zaj\u0119\u0107 na przedmiocie \u201ePrzedsi\u0119biorczo\u015b\u0107\u201d.<\/strong> Przeszkoleni wyk\u0142adowcy b\u0119d\u0105 w przysz\u0142o\u015bci przygotowywali student\u00f3w do lepszego funkcjonowania na rynku pracy oraz podejmowania dzia\u0142a\u0144 zmierzaj\u0105cych do samozatrudnienia.<\/p>\n","protected":false},"excerpt":{"rendered":"<p>Kreatywny Humanista \u00a0&#8211; Oferta Projektu dla wyk\u0142adowc\u00f3w Kreatywno\u015b\u0107 i przedsi\u0119biorczo\u015b\u0107 stanowi\u0105 si\u0142\u0119 nap\u0119dow\u0105 w rozwoju ludzko\u015bci. Umiej\u0119tno\u015b\u0107 kreatywnego my\u015blenia i tw\u00f3rczego przekszta\u0142cania rzeczywisto\u015bci jest kluczowa w \u017cyciu osobistym i zawodowym. Rozw\u00f3j tych cech osobowo\u015bci poparty niezb\u0119dn\u0105 wiedz\u0105, daje trudny do przecenienia potencja\u0142 intelektualny, dlatego te\u017c powinien by\u0107 wspierany w\u00a0sferze edukacji, aby proces akomodacji do szybko [&hellip;]<\/p>\n","protected":false},"author":4,"featured_media":0,"parent":0,"menu_order":4,"comment_status":"open","ping_status":"closed","template":"","meta":{"_bbp_topic_count":0,"_bbp_reply_count":0,"_bbp_total_topic_count":0,"_bbp_total_reply_count":0,"_bbp_voice_count":0,"_bbp_anonymous_reply_count":0,"_bbp_topic_count_hidden":0,"_bbp_reply_count_hidden":0,"_bbp_forum_subforum_count":0,"footnotes":""},"class_list":["post-25","page","type-page","status-publish","hentry"],"_links":{"self":[{"href":"http:\/\/kreatywni.wsptwp.eu\/index.php?rest_route=\/wp\/v2\/pages\/25","targetHints":{"allow":["GET"]}}],"collection":[{"href":"http:\/\/kreatywni.wsptwp.eu\/index.php?rest_route=\/wp\/v2\/pages"}],"about":[{"href":"http:\/\/kreatywni.wsptwp.eu\/index.php?rest_route=\/wp\/v2\/types\/page"}],"author":[{"embeddable":true,"href":"http:\/\/kreatywni.wsptwp.eu\/index.php?rest_route=\/wp\/v2\/users\/4"}],"replies":[{"embeddable":true,"href":"http:\/\/kreatywni.wsptwp.eu\/index.php?rest_route=%2Fwp%2Fv2%2Fcomments&post=25"}],"version-history":[{"count":5,"href":"http:\/\/kreatywni.wsptwp.eu\/index.php?rest_route=\/wp\/v2\/pages\/25\/revisions"}],"predecessor-version":[{"id":104,"href":"http:\/\/kreatywni.wsptwp.eu\/index.php?rest_route=\/wp\/v2\/pages\/25\/revisions\/104"}],"wp:attachment":[{"href":"http:\/\/kreatywni.wsptwp.eu\/index.php?rest_route=%2Fwp%2Fv2%2Fmedia&parent=25"}],"curies":[{"name":"wp","href":"https:\/\/api.w.org\/{rel}","templated":true}]}}