{"id":28,"date":"2009-10-21T22:20:47","date_gmt":"2009-10-21T20:20:47","guid":{"rendered":"http:\/\/kreatywni.wsptwp.eu\/?page_id=28"},"modified":"2012-01-18T23:47:17","modified_gmt":"2012-01-18T21:47:17","slug":"szkolenia","status":"publish","type":"page","link":"http:\/\/kreatywni.wsptwp.eu\/?page_id=28","title":{"rendered":"Szkolenia"},"content":{"rendered":"<p><img loading=\"lazy\" decoding=\"async\" class=\"alignright size-full wp-image-107\" style=\"border: none;\" title=\"szkolenia\" src=\"http:\/\/kreatywni.wsptwp.eu\/wp-content\/uploads\/2009\/10\/szkolenia.jpg\" alt=\"szkolenia\" width=\"275\" height=\"145\" \/>Kreatywny Humanista \u2013 Oferta szkoleniowa<\/p>\n<p>W ramach projektu \u201eKreatywny Humanista\u201d WSP TWP w Warszawie we wsp\u00f3\u0142pracy z Akademi\u0105 Leona Ko\u017ami\u0144skiego rozszerza swoj\u0105 ofert\u0119 edukacyjn\u0105, obejmuj\u0105c r\u00f3wnie\u017c osoby spoza spo\u0142eczno\u015bci akademickiej, o nast\u0119puj\u0105ce kursy i warsztaty:<\/p>\n<ol>\n<li><a href=\"http:\/\/kreatywni.wsptwp.eu\/?p=1329\">Trening kreatywno\u015bci<\/a>,\u00a0<span style=\"color: #ff0000;\">Zako\u0144czony.<\/span><\/li>\n<li><a href=\"http:\/\/kreatywni.wsptwp.eu\/?p=1001\">Warsztat tworzenia podmiot\u00f3w ekonomii spo\u0142ecznej<\/a>,<span style=\"color: #ff0000;\"> Zako\u0144czony.<\/span><\/li>\n<li>Trening komunikacji interpersonalnej, <a href=\"http:\/\/kreatywni.wsptwp.eu\/?p=827\">Warszawa<\/a>, <a href=\"http:\/\/kreatywni.wsptwp.eu\/?p=834\">Szczecin<\/a> <span style=\"color: #ff0000;\">Zako\u0144czony.<\/span><\/li>\n<li><a href=\"http:\/\/kreatywni.wsptwp.eu\/?p=1007\">Warsztat zarz\u0105dzanie podmiotami ekonomii spo\u0142ecznej<\/a>, <span style=\"color: #ff0000;\">Zako\u0144czony.<\/span><\/li>\n<li><a href=\"http:\/\/kreatywni.wsptwp.eu\/?p=822\">Warsztat efektywnego zarz\u0105dzania czasem<\/a>, <span style=\"color: #ff0000;\">Zako\u0144czony.<\/span><\/li>\n<li><a href=\"http:\/\/kreatywni.wsptwp.eu\/?p=794\" target=\"_self\">Trening radzenia sobie ze stresem<\/a>, <span style=\"color: #ff0000;\">Zako\u0144czony.<\/span><\/li>\n<li><a href=\"http:\/\/kreatywni.wsptwp.eu\/?p=1187\">Trening asertywno\u015bci<\/a>,\u00a0 <span style=\"color: #ff0000;\">Zako\u0144czony.<\/span><\/li>\n<li><a href=\"http:\/\/kreatywni.wsptwp.eu\/?p=146\">Warsztat aktywnego poszukiwania pracy<\/a>, <span style=\"color: #ff0000;\">Zako\u0144czony.<\/span><\/li>\n<li><a href=\"http:\/\/kreatywni.wsptwp.eu\/?p=691\">Trening autoprezentacji,<\/a> <span style=\"color: #ff0000;\">Zako\u0144czony.<\/span><\/li>\n<li><a href=\"http:\/\/kreatywni.wsptwp.eu\/?p=1016\" target=\"_self\">Warsztat tworzenia biznes planu<\/a>,<span style=\"color: #ff0000;\"> Zako\u0144czony.<\/span><\/li>\n<li><a href=\"http:\/\/kreatywni.wsptwp.eu\/?p=580\">Warsztat badanie rynku<\/a>, <span style=\"color: #ff0000;\">Zako\u0144czony.<\/span><\/li>\n<li><a href=\"http:\/\/kreatywni.wsptwp.eu\/?p=1029\">Warsztat zak\u0142adania w\u0142asnej firmy<\/a>,<span style=\"color: #ff0000;\"> Zako\u0144czony.<\/span><\/li>\n<li><a href=\"http:\/\/kreatywni.wsptwp.eu\/?p=665\">Warsztat sztuka negocjacji<\/a>,<span style=\"color: #ff0000;\"> Zako\u0144czony.<\/span><\/li>\n<li><a href=\"http:\/\/kreatywni.wsptwp.eu\/?p=1090\" target=\"_self\">Szkolenie -podstawy rachunkowo\u015bci<\/a>, <span style=\"color: #ff0000;\">Zako\u0144czony.<\/span><\/li>\n<li><a href=\"http:\/\/kreatywni.wsptwp.eu\/?p=719\" target=\"_self\">Szkolenie -podstawy marketingu i PR<\/a>, <span style=\"color: #ff0000;\">Zako\u0144czony.<\/span><\/li>\n<li><a href=\"http:\/\/kreatywni.wsptwp.eu\/?p=1331\">Trening rozwi\u0105zywania konfliktu<\/a> , <span style=\"color: #ff0000;\">Zako\u0144czony.<\/span><\/li>\n<\/ol>\n<p>Harmonogram projektu:<\/p>\n<p>Uwaga!<\/p>\n<p><span style=\"font-family: Georgia,'Times New Roman','Bitstream Charter',Times,serif;\">Zmiana harmonogramu w punkcie dotycz\u0105cym szkolenia<\/span><span style=\"font-family: Georgia;\"><strong> Zak\u0142adanie w\u0142asnej firmy<\/strong><\/span><span style=\"font-family: Georgia,'Times New Roman','Bitstream Charter',Times,serif;\">:<\/span><\/p>\n<p>Warszawa (zmiana terminu) &#8211; III edycja szkolenia odb\u0119dzie si\u0119 w dniach 20.02-23.02.2012 r. , rekrutacja: 30.01-13.02.2012;<\/p>\n<p>Szczecin (zmiana miejsca na Wa\u0142brzych) &#8211; IV edycja szkolenia odb\u0119dzie si\u0119 w Wa\u0142brzychu, w dniach 27.02-01.03.2012. \u2013 rekrutacja 6.02-20.02.2012;<\/p>\n<ul>\n<li><a href=\"http:\/\/kreatywni.wsptwp.eu\/wp-content\/uploads\/2010\/09\/CZ\u0141UCH\u00d3W.pdf\">Cz\u0142uch\u00f3w<\/a><\/li>\n<li><a href=\"http:\/\/kreatywni.wsptwp.eu\/wp-content\/uploads\/2010\/09\/KATOWICE.pdf\">Katowice<\/a><\/li>\n<li><a href=\"http:\/\/kreatywni.wsptwp.eu\/wp-content\/uploads\/2010\/09\/OLSZTYN.pdf\">Olsztyn<\/a><\/li>\n<li><a href=\"http:\/\/kreatywni.wsptwp.eu\/wp-content\/uploads\/2010\/09\/SZCZECIN.pdf\">Szczecin<\/a><\/li>\n<li><a href=\"http:\/\/kreatywni.wsptwp.eu\/wp-content\/uploads\/2010\/09\/WARSZAWA.pdf\">Warszawa<\/a><\/li>\n<\/ul>\n<p>Zaplanowane przedsi\u0119wzi\u0119cia b\u0119d\u0105 prowadzi\u0142y do wzmocnienia postawy przedsi\u0119biorczo\u015bci. Uczestnicy uzyskaj\u0105 merytoryczn\u0105 wiedz\u0119, przygotowuj\u0105c\u0105 do podejmowania samodzielnych inicjatyw, takich jak zak\u0142adanie w\u0142asnej firmy, stowarzyszenia, sp\u00f3\u0142dzielni socjalnej, itp. Od grudnia 2009 b\u0119d\u0105 odbywa\u0142y si\u0119 po dwa kursy w miesi\u0105cu (w okresie wakacyjnym, po jednym kursie w miesi\u0105cu).<\/p>\n","protected":false},"excerpt":{"rendered":"<p>Kreatywny Humanista \u2013 Oferta szkoleniowa W ramach projektu \u201eKreatywny Humanista\u201d WSP TWP w Warszawie we wsp\u00f3\u0142pracy z Akademi\u0105 Leona Ko\u017ami\u0144skiego rozszerza swoj\u0105 ofert\u0119 edukacyjn\u0105, obejmuj\u0105c r\u00f3wnie\u017c osoby spoza spo\u0142eczno\u015bci akademickiej, o nast\u0119puj\u0105ce kursy i warsztaty: Trening kreatywno\u015bci,\u00a0Zako\u0144czony. Warsztat tworzenia podmiot\u00f3w ekonomii spo\u0142ecznej, Zako\u0144czony. Trening komunikacji interpersonalnej, Warszawa, Szczecin Zako\u0144czony. Warsztat zarz\u0105dzanie podmiotami ekonomii spo\u0142ecznej, Zako\u0144czony. [&hellip;]<\/p>\n","protected":false},"author":4,"featured_media":0,"parent":0,"menu_order":5,"comment_status":"open","ping_status":"closed","template":"","meta":{"_bbp_topic_count":0,"_bbp_reply_count":0,"_bbp_total_topic_count":0,"_bbp_total_reply_count":0,"_bbp_voice_count":0,"_bbp_anonymous_reply_count":0,"_bbp_topic_count_hidden":0,"_bbp_reply_count_hidden":0,"_bbp_forum_subforum_count":0,"footnotes":""},"class_list":["post-28","page","type-page","status-publish","hentry"],"_links":{"self":[{"href":"http:\/\/kreatywni.wsptwp.eu\/index.php?rest_route=\/wp\/v2\/pages\/28","targetHints":{"allow":["GET"]}}],"collection":[{"href":"http:\/\/kreatywni.wsptwp.eu\/index.php?rest_route=\/wp\/v2\/pages"}],"about":[{"href":"http:\/\/kreatywni.wsptwp.eu\/index.php?rest_route=\/wp\/v2\/types\/page"}],"author":[{"embeddable":true,"href":"http:\/\/kreatywni.wsptwp.eu\/index.php?rest_route=\/wp\/v2\/users\/4"}],"replies":[{"embeddable":true,"href":"http:\/\/kreatywni.wsptwp.eu\/index.php?rest_route=%2Fwp%2Fv2%2Fcomments&post=28"}],"version-history":[{"count":50,"href":"http:\/\/kreatywni.wsptwp.eu\/index.php?rest_route=\/wp\/v2\/pages\/28\/revisions"}],"predecessor-version":[{"id":1441,"href":"http:\/\/kreatywni.wsptwp.eu\/index.php?rest_route=\/wp\/v2\/pages\/28\/revisions\/1441"}],"wp:attachment":[{"href":"http:\/\/kreatywni.wsptwp.eu\/index.php?rest_route=%2Fwp%2Fv2%2Fmedia&parent=28"}],"curies":[{"name":"wp","href":"https:\/\/api.w.org\/{rel}","templated":true}]}}