{"id":67,"date":"2009-10-28T21:51:31","date_gmt":"2009-10-28T19:51:31","guid":{"rendered":"http:\/\/kreatywni.wsptwp.eu\/?page_id=67"},"modified":"2011-11-21T08:54:19","modified_gmt":"2011-11-21T06:54:19","slug":"zespol","status":"publish","type":"page","link":"http:\/\/kreatywni.wsptwp.eu\/?page_id=67","title":{"rendered":"Zesp\u00f3\u0142"},"content":{"rendered":"<p><strong><img loading=\"lazy\" decoding=\"async\" class=\"alignleft size-medium wp-image-112\" title=\"zespol\" src=\"http:\/\/kreatywni.wsptwp.eu\/wp-content\/uploads\/2009\/10\/zespol-225x300.jpg\" alt=\"zespol\" width=\"169\" height=\"228\" \/><strong>Renata Kowalska<\/strong> \u2013 Koordynator Projektu<\/strong><\/p>\n<p>Absolwentka Szko\u0142y G\u0142\u00f3wnej Handlowej w Warszawie na kierunku Zarz\u0105dzanie i Marketing oraz studi\u00f3w podyplomowych Zarz\u0105dzanie Projektami wsp\u00f3\u0142finansowanymi ze \u015brodk\u00f3w UE w Wy\u017cszej Szkole Przedsi\u0119biorczo\u015bci i Zarz\u0105dzania im. L. Ko\u017ami\u0144skiego.<strong> <\/strong>Do\u015bwiadczenie zdoby\u0142a pracuj\u0105c po obu stronach barykady: w Ministerstwie Gospodarki, a nast\u0119pnie w organizacji pozarz\u0105dowej realizuj\u0105cej projekt finansowany ze \u015brodk\u00f3w Europejskiego Funduszu Spo\u0142ecznego. Prywatnie mama 2 letniej Kai, pasjonatka podr\u00f3\u017cy, film\u00f3w oraz ksi\u0105\u017cek wszelkiego gatunku.<\/p>\n<p><strong>Rafa\u0142 Bogacki \u2013 Specjalista ds. organizacji <\/strong><\/p>\n<p>Przedsi\u0119biorca i do\u015bwiadczony mened\u017cer. Wykszta\u0142cenie uzyska\u0142 na Wydziale Nauk Ekonomicznych i Zarz\u0105dzania Uniwersytetu Miko\u0142aja Kopernika w Toruniu. Jego mocn\u0105 stron\u0105 jest umiej\u0119tno\u015b\u0107 tworzenia organizacji we wczesnej fazie rozwoju, wynikaj\u0105ca z\u00a0bogatego do\u015bwiadczenia zawodowego, na r\u00f3\u017cnych szczeblach organizacyjnych. Kontakt z\u00a0funduszami UE od 2003r., w ramach \u201ePromocji zatrudnienia i Rozw\u00f3j Zasob\u00f3w Ludzkich\u201d PHARE.<\/p>\n<p><strong>Aleksandra Adamczyk-Dworucha &#8211; specjalista ds. finans\u00f3w <\/strong><\/p>\n<p>Absolwentka Szko\u0142y G\u0142\u00f3wnej Handlowej w Warszawie na kierunku Stosunki Mi\u0119dzynarodowe. Prac\u0119 w ramach funduszy UE rozpocz\u0119\u0142a w 2004 roku, zaczynaj\u0105c od przygotowywania wniosk\u00f3w o dofinansowanie, przez prac\u0119 wewn\u0105trz projektu po przeprowadzanie audyt\u00f3w projekt\u00f3w unijnych. Prywatnie mama dw\u00f3ch dziewczynek Ady i Aniki, stawia na zdrowy i ekologiczny styl \u017cycia.<\/p>\n<p><strong>Katrzyna Kwapi\u0144ska &#8211; specjalista ds. Monitoringu, Ewaluacji i Sprawozdawczo\u015bci<\/strong><\/p>\n<p>Absolwentka Uniwersytetu Marii Curie-Sk\u0142odowskiej w Lublinie na kierunku Filologia Polska i Logopedia oraz studi\u00f3w podyplomowych z Ewaluacji i Pomiaru Dydaktycznego na Uniwersytecie Gda\u0144skim. Od 11 lat zaanga\u017cowana spo\u0142ecznie, w latach 2000-2007 pracownik og\u00f3lnopolskiego stowarzyszenia wychowawczego, obecnie wspiera organizacje pozarz\u0105dowe jako trener i coach. Prywatnie mama Bartka i Melanii; czyta, podr\u00f3\u017cuje i kolekcjonuje wspomnienia.<\/p>\n<p><strong>Pawe\u0142 Adamczuk \u2013 Specjalista ds. promocji i rekrutacji<\/strong><\/p>\n<p>Absolwent Wydzia\u0142u Dziennikarstwa i Nauk Politycznych, Uniwersytetu Warszawskiego. Od 2008 roku zwi\u0105zany z projektami UE. Pasjonat sport\u00f3w zimowych, muzyki oraz kina. Uwielbia podr\u00f3\u017ce, zw\u0142aszcza do Czarnej Afryki.<\/p>\n","protected":false},"excerpt":{"rendered":"<p>Renata Kowalska \u2013 Koordynator Projektu Absolwentka Szko\u0142y G\u0142\u00f3wnej Handlowej w Warszawie na kierunku Zarz\u0105dzanie i Marketing oraz studi\u00f3w podyplomowych Zarz\u0105dzanie Projektami wsp\u00f3\u0142finansowanymi ze \u015brodk\u00f3w UE w Wy\u017cszej Szkole Przedsi\u0119biorczo\u015bci i Zarz\u0105dzania im. L. Ko\u017ami\u0144skiego. Do\u015bwiadczenie zdoby\u0142a pracuj\u0105c po obu stronach barykady: w Ministerstwie Gospodarki, a nast\u0119pnie w organizacji pozarz\u0105dowej realizuj\u0105cej projekt finansowany ze \u015brodk\u00f3w Europejskiego [&hellip;]<\/p>\n","protected":false},"author":4,"featured_media":0,"parent":0,"menu_order":8,"comment_status":"open","ping_status":"closed","template":"","meta":{"_bbp_topic_count":0,"_bbp_reply_count":0,"_bbp_total_topic_count":0,"_bbp_total_reply_count":0,"_bbp_voice_count":0,"_bbp_anonymous_reply_count":0,"_bbp_topic_count_hidden":0,"_bbp_reply_count_hidden":0,"_bbp_forum_subforum_count":0,"footnotes":""},"class_list":["post-67","page","type-page","status-publish","hentry"],"_links":{"self":[{"href":"http:\/\/kreatywni.wsptwp.eu\/index.php?rest_route=\/wp\/v2\/pages\/67","targetHints":{"allow":["GET"]}}],"collection":[{"href":"http:\/\/kreatywni.wsptwp.eu\/index.php?rest_route=\/wp\/v2\/pages"}],"about":[{"href":"http:\/\/kreatywni.wsptwp.eu\/index.php?rest_route=\/wp\/v2\/types\/page"}],"author":[{"embeddable":true,"href":"http:\/\/kreatywni.wsptwp.eu\/index.php?rest_route=\/wp\/v2\/users\/4"}],"replies":[{"embeddable":true,"href":"http:\/\/kreatywni.wsptwp.eu\/index.php?rest_route=%2Fwp%2Fv2%2Fcomments&post=67"}],"version-history":[{"count":13,"href":"http:\/\/kreatywni.wsptwp.eu\/index.php?rest_route=\/wp\/v2\/pages\/67\/revisions"}],"predecessor-version":[{"id":111,"href":"http:\/\/kreatywni.wsptwp.eu\/index.php?rest_route=\/wp\/v2\/pages\/67\/revisions\/111"}],"wp:attachment":[{"href":"http:\/\/kreatywni.wsptwp.eu\/index.php?rest_route=%2Fwp%2Fv2%2Fmedia&parent=67"}],"curies":[{"name":"wp","href":"https:\/\/api.w.org\/{rel}","templated":true}]}}