{"id":68,"date":"2009-10-28T21:51:50","date_gmt":"2009-10-28T19:51:50","guid":{"rendered":"http:\/\/kreatywni.wsptwp.eu\/?page_id=68"},"modified":"2011-11-21T08:50:21","modified_gmt":"2011-11-21T06:50:21","slug":"kontakt","status":"publish","type":"page","link":"http:\/\/kreatywni.wsptwp.eu\/?page_id=68","title":{"rendered":"Kontakt"},"content":{"rendered":"<p><strong><img loading=\"lazy\" decoding=\"async\" class=\"alignright size-full wp-image-114\" style=\"margin-right: 10px;\" title=\"kontakt\" src=\"http:\/\/kreatywni.wsptwp.eu\/wp-content\/uploads\/2009\/10\/kontakt.jpg\" alt=\"kontakt\" width=\"206\" height=\"144\" \/>Renata Kowalska \u2013 Koordynator Projektu<\/strong><\/p>\n<p><a href=\"mailto:r.kowalska@wsptwp.eu\">r.kowalska@wsptwp.eu<\/a><\/p>\n<p><strong>Rafa\u0142 Bogacki \u2013 Specjalista ds. organizacji <\/strong><\/p>\n<p><a href=\"mailto:r.bogacki@wsptwp.eu\">r.bogacki@wsptwp.eu<\/a><\/p>\n<p><strong>Katarzyna Kwapi\u0144ska \u2013 Specjalista ds. monitoringu, ewaluacji i sprawozdawczo\u015bci<\/strong><\/p>\n<p><a href=\"mailto:k.kwapinska@wsptwp.eu\">k.kwapinska@wsptwp.eu<\/a><\/p>\n<p><strong>Aleksandra Adamczyk-Dworucha &#8211; Specjalista ds. finans\u00f3w <\/strong><\/p>\n<p><a href=\"mailto:a.dworucha@wsptwp.eu\">a.dworucha@wsptwp.eu<\/a><\/p>\n<p><strong>Pawe\u0142 Adamczuk<\/strong><strong> \u2013 Specjalista ds. promocji i rekrutacji<\/strong><\/p>\n<p><a href=\"mailto:p.adamczuk@wsptwp.eu\">p.adamczuk@wsptwp.eu<\/a><\/p>\n<p>&nbsp;<\/p>\n<p>&nbsp;<\/p>\n<p><strong>Adres <\/strong><strong>Biura Projektu \u201eKreatywny Humanista\u201d<\/strong><\/p>\n<p>ul. Drawska 10c\/29, 02-202 Warszawa<\/p>\n<p>tel.\u00a0 <span style=\"font-family: Arial; font-size: x-small;\"><span style=\"font-size: 10pt; font-family: Arial;\">22\u00a0403 18 03<\/span><\/span><\/p>\n","protected":false},"excerpt":{"rendered":"<p>Renata Kowalska \u2013 Koordynator Projektu r.kowalska@wsptwp.eu Rafa\u0142 Bogacki \u2013 Specjalista ds. organizacji r.bogacki@wsptwp.eu Katarzyna Kwapi\u0144ska \u2013 Specjalista ds. monitoringu, ewaluacji i sprawozdawczo\u015bci k.kwapinska@wsptwp.eu Aleksandra Adamczyk-Dworucha &#8211; Specjalista ds. finans\u00f3w a.dworucha@wsptwp.eu Pawe\u0142 Adamczuk \u2013 Specjalista ds. promocji i rekrutacji p.adamczuk@wsptwp.eu &nbsp; &nbsp; Adres Biura Projektu \u201eKreatywny Humanista\u201d ul. Drawska 10c\/29, 02-202 Warszawa tel.\u00a0 22\u00a0403 18 03<\/p>\n","protected":false},"author":4,"featured_media":0,"parent":0,"menu_order":9,"comment_status":"closed","ping_status":"closed","template":"","meta":{"_bbp_topic_count":0,"_bbp_reply_count":0,"_bbp_total_topic_count":0,"_bbp_total_reply_count":0,"_bbp_voice_count":0,"_bbp_anonymous_reply_count":0,"_bbp_topic_count_hidden":0,"_bbp_reply_count_hidden":0,"_bbp_forum_subforum_count":0,"footnotes":""},"class_list":["post-68","page","type-page","status-publish","hentry"],"_links":{"self":[{"href":"http:\/\/kreatywni.wsptwp.eu\/index.php?rest_route=\/wp\/v2\/pages\/68","targetHints":{"allow":["GET"]}}],"collection":[{"href":"http:\/\/kreatywni.wsptwp.eu\/index.php?rest_route=\/wp\/v2\/pages"}],"about":[{"href":"http:\/\/kreatywni.wsptwp.eu\/index.php?rest_route=\/wp\/v2\/types\/page"}],"author":[{"embeddable":true,"href":"http:\/\/kreatywni.wsptwp.eu\/index.php?rest_route=\/wp\/v2\/users\/4"}],"replies":[{"embeddable":true,"href":"http:\/\/kreatywni.wsptwp.eu\/index.php?rest_route=%2Fwp%2Fv2%2Fcomments&post=68"}],"version-history":[{"count":11,"href":"http:\/\/kreatywni.wsptwp.eu\/index.php?rest_route=\/wp\/v2\/pages\/68\/revisions"}],"predecessor-version":[{"id":115,"href":"http:\/\/kreatywni.wsptwp.eu\/index.php?rest_route=\/wp\/v2\/pages\/68\/revisions\/115"}],"wp:attachment":[{"href":"http:\/\/kreatywni.wsptwp.eu\/index.php?rest_route=%2Fwp%2Fv2%2Fmedia&parent=68"}],"curies":[{"name":"wp","href":"https:\/\/api.w.org\/{rel}","templated":true}]}}