{"id":7,"date":"2009-10-21T21:33:13","date_gmt":"2009-10-21T19:33:13","guid":{"rendered":"http:\/\/kreatywni.wsptwp.eu\/?page_id=7"},"modified":"2011-06-07T16:47:27","modified_gmt":"2011-06-07T14:47:27","slug":"o-projekcie","status":"publish","type":"page","link":"http:\/\/kreatywni.wsptwp.eu\/?page_id=7","title":{"rendered":"O projekcie"},"content":{"rendered":"<pre style=\"text-align: right;\">T\u0119pym umys\u0142om natura wydaje si\u0119 szara.\r\nUmys\u0142 o\u015bwiecony postrzega ognie\r\ni iskry \u015bwiate\u0142 \u015bwiata.\r\n\r\nRalph Waldo Emerson<\/pre>\n<p><strong>Czym jest \u201eKreatywny Humanista\u201d? <\/strong><\/p>\n<p>\u201eKreatywny Humanista\u201d to Projekt edukacyjny wdra\u017cany przez Wy\u017csz\u0105 Szko\u0142\u0119 Pedagogiczn\u0105 TWP w Warszawie (09.2009 \u2013 12.2011), kt\u00f3rego g\u0142\u00f3wnym celem jest krzewienie przedsi\u0119biorczo\u015bci w\u015br\u00f3d swoich student\u00f3w i absolwent\u00f3w z wykszta\u0142ceniem o profilu humanistycznym oraz os\u00f3b spoza spo\u0142eczno\u015bci akademickiej.<\/p>\n<p><a href=\"http:\/\/kreatywni.wsptwp.eu\/wp-content\/uploads\/2011\/06\/prezentacja-KH-2011.ppt\" target=\"_blank\">Zobacz prezentacj\u0119 (ppt)<\/a><\/p>\n<p><strong>Sk\u0105d idea Projektu? <\/strong><\/p>\n<p><img loading=\"lazy\" decoding=\"async\" class=\"alignleft size-medium wp-image-95\" title=\"o projekcie\" src=\"http:\/\/kreatywni.wsptwp.eu\/wp-content\/uploads\/2009\/10\/o-projekcie-300x288.jpg\" alt=\"o projekcie\" width=\"186\" height=\"180\" srcset=\"http:\/\/kreatywni.wsptwp.eu\/wp-content\/uploads\/2009\/10\/o-projekcie-300x288.jpg 300w, http:\/\/kreatywni.wsptwp.eu\/wp-content\/uploads\/2009\/10\/o-projekcie.JPG 500w\" sizes=\"auto, (max-width: 186px) 100vw, 186px\" \/>W ostatnich latach coraz bardziej pi\u0119tnowany jest, g\u0142\u00f3wnie przez media, niepraktyczny charakter humanistycznego wykszta\u0142cenia. Wielu pracodawc\u00f3w jest przekonanych, i\u017c humani\u015bci nie s\u0105 praktycznie przygotowani do pracy w biznesie, a ich d\u0142ugi i abstrakcyjny proces my\u015blowy mo\u017ce spowalnia\u0107 realizacj\u0119 zada\u0144 i odbi\u0107 si\u0119 na pracy ca\u0142ego zespo\u0142u.<\/p>\n<p>Projekt \u201eKreatywny Humanista\u201d powsta\u0142 w celu stymulowania w\u015br\u00f3d student\u00f3w zmys\u0142u przedsi\u0119biorczego. Jest to r\u00f3wnie\u017c odpowied\u017a na potrzeby rynku pracy. Absolwenci wy\u017cszych uczelni humanistycznych s\u0105 s\u0142abo przygotowani do aktywnego poruszania si\u0119 po rynku pracy oraz kreowania nowych innowacyjnych przedsi\u0119wzi\u0119\u0107 zmierzaj\u0105cych do samozatrudnienia.<\/p>\n<p>Absolwenci kierunk\u00f3w humanistycznych i spo\u0142ecznych musz\u0105 by\u0107 bardziej konkurencyjni od r\u00f3wie\u015bnik\u00f3w, kt\u00f3rzy wybrali kierunki ekonomiczne, st\u0105d te\u017c potrzeba wzmocnienia kierunk\u00f3w typowo humanistycznych o przedmioty stymuluj\u0105ce cechy przydatne na rynku pracy.<\/p>\n<p>Przedsi\u0119biorczo\u015b\u0107 poparta niezb\u0119dn\u0105 wiedz\u0105, jak\u0105 posiada humanista daje trudny do przecenienia potencja\u0142 intelektualny i co wa\u017cne sprawczy, tak istotny dla gospodarki, st\u0105d te\u017c pomys\u0142 na wzmocnienie kompetencji humanist\u00f3w poprzez przedmioty, szkolenia i warsztaty stymuluj\u0105ce t\u0119 cech\u0119.<\/p>\n<p><strong>Co chcemy osi\u0105gn\u0105\u0107 poprzez realizacj\u0119 Projektu?<\/strong><\/p>\n<p>G\u0142\u00f3wnym celem Projektu jest adekwatne przygotowanie student\u00f3w i absolwent\u00f3w WSP TWP do zmieniaj\u0105cych si\u0119 warunk\u00f3w i wymog\u00f3w rynku pracy oraz gospodarki opartej na wiedzy.<\/p>\n<p>Cele szczeg\u00f3\u0142owe:<\/p>\n<ul>\n<li>podniesienie jako\u015bci nauczania poprzez podwy\u017cszenie kompetencji akademickiej kadry dydaktycznej (szkolenia w zakresie prowadzenia zaj\u0119\u0107 z przedsi\u0119biorczo\u015bci);<\/li>\n<li>wprowadzenie do programu studi\u00f3w dodatkowego przedmiotu \u201ePrzedsi\u0119biorczo\u015b\u0107\u201d;<\/li>\n<li>rozszerzenie oferty edukacyjnej uczelni dla os\u00f3b spoza spo\u0142eczno\u015bci akademickiej (kursy kompetencji mi\u0119kkich oraz      szkolenia daj\u0105ce podstawy do za\u0142o\u017cenia w\u0142asnej firmy);<\/li>\n<\/ul>\n<p><strong>Kto mo\u017ce wzi\u0105\u0107 udzia\u0142 w projekcie?<\/strong><\/p>\n<ul>\n<li> Pracownicy naukowo-dydaktyczni WSP TWP w Warszawie oraz wszystkich wydzia\u0142\u00f3w zamiejscowych;<\/li>\n<li> Studenci WSP TWP w Warszawie \u00a0wszystkich kierunk\u00f3w i rocznik\u00f3w wskazanych przez dziekan\u00f3w;<\/li>\n<li>Osoby spoza uczelni tzn. osoby pracuj\u0105ce zawodowo w r\u00f3\u017cnych sektorach, osoby zagro\u017cone wykluczeniem spo\u0142ecznym &#8211;      bezrobotni, niepe\u0142nosprawni.<\/li>\n<\/ul>\n<p><strong> Korzy\u015bci dla uczestnik\u00f3w Projektu?<\/strong><\/p>\n<ul>\n<li>Szansa na samodoskonalenie i rozw\u00f3j,<\/li>\n<li>Mo\u017cliwo\u015b\u0107 uczestnictwa w certyfikowanych szkoleniach,<\/li>\n<li>Nabycie kwalifikacji niezb\u0119dnych do prowadzenia przedmiotu z zakresu przedsi\u0119biorczo\u015bci,<\/li>\n<li>Mo\u017cliwo\u015b\u0107 skorzystania z us\u0142ug profesjonalnych doradc\u00f3w zawodowych,<\/li>\n<li>Stworzenie Indywidualnego Planu Rozwoju,<\/li>\n<li>Przygotowanie do sprawnego funkcjonowania na rynku pracy,<\/li>\n<li>Wzmocnienie postawy przedsi\u0119biorczo\u015bci w\u015br\u00f3d student\u00f3w i absolwent\u00f3w,<\/li>\n<li>Nabycie umiej\u0119tno\u015bci kreowania w\u0142asnej \u015bcie\u017cki rozwoju zawodowego,<\/li>\n<li>Wsparcie w zakresie komunikacji interpersonalnej, superwizji i coachingu.<\/li>\n<\/ul>\n","protected":false},"excerpt":{"rendered":"<p>T\u0119pym umys\u0142om natura wydaje si\u0119 szara. Umys\u0142 o\u015bwiecony postrzega ognie i iskry \u015bwiate\u0142 \u015bwiata. Ralph Waldo Emerson Czym jest \u201eKreatywny Humanista\u201d? \u201eKreatywny Humanista\u201d to Projekt edukacyjny wdra\u017cany przez Wy\u017csz\u0105 Szko\u0142\u0119 Pedagogiczn\u0105 TWP w Warszawie (09.2009 \u2013 12.2011), kt\u00f3rego g\u0142\u00f3wnym celem jest krzewienie przedsi\u0119biorczo\u015bci w\u015br\u00f3d swoich student\u00f3w i absolwent\u00f3w z wykszta\u0142ceniem o profilu humanistycznym oraz os\u00f3b [&hellip;]<\/p>\n","protected":false},"author":4,"featured_media":0,"parent":0,"menu_order":1,"comment_status":"open","ping_status":"closed","template":"","meta":{"_bbp_topic_count":0,"_bbp_reply_count":0,"_bbp_total_topic_count":0,"_bbp_total_reply_count":0,"_bbp_voice_count":0,"_bbp_anonymous_reply_count":0,"_bbp_topic_count_hidden":0,"_bbp_reply_count_hidden":0,"_bbp_forum_subforum_count":0,"footnotes":""},"class_list":["post-7","page","type-page","status-publish","hentry"],"_links":{"self":[{"href":"http:\/\/kreatywni.wsptwp.eu\/index.php?rest_route=\/wp\/v2\/pages\/7","targetHints":{"allow":["GET"]}}],"collection":[{"href":"http:\/\/kreatywni.wsptwp.eu\/index.php?rest_route=\/wp\/v2\/pages"}],"about":[{"href":"http:\/\/kreatywni.wsptwp.eu\/index.php?rest_route=\/wp\/v2\/types\/page"}],"author":[{"embeddable":true,"href":"http:\/\/kreatywni.wsptwp.eu\/index.php?rest_route=\/wp\/v2\/users\/4"}],"replies":[{"embeddable":true,"href":"http:\/\/kreatywni.wsptwp.eu\/index.php?rest_route=%2Fwp%2Fv2%2Fcomments&post=7"}],"version-history":[{"count":20,"href":"http:\/\/kreatywni.wsptwp.eu\/index.php?rest_route=\/wp\/v2\/pages\/7\/revisions"}],"predecessor-version":[{"id":96,"href":"http:\/\/kreatywni.wsptwp.eu\/index.php?rest_route=\/wp\/v2\/pages\/7\/revisions\/96"}],"wp:attachment":[{"href":"http:\/\/kreatywni.wsptwp.eu\/index.php?rest_route=%2Fwp%2Fv2%2Fmedia&parent=7"}],"curies":[{"name":"wp","href":"https:\/\/api.w.org\/{rel}","templated":true}]}}